{"id":9,"date":"2015-07-30T20:19:06","date_gmt":"2015-07-30T20:19:06","guid":{"rendered":"https:\/\/hermandadtemple.org\/?page_id=9"},"modified":"2015-07-30T20:22:22","modified_gmt":"2015-07-30T20:22:22","slug":"quienes-somos","status":"publish","type":"page","link":"https:\/\/hermandadtemple.org\/?page_id=9","title":{"rendered":"Quienes Somos"},"content":{"rendered":"<p style=\"text-align: center;\" align=\"CENTER\"><img decoding=\"async\" loading=\"lazy\" class=\" aligncenter\" src=\"https:\/\/hermandadtemple.org\/wp-content\/uploads\/2015\/07\/hsdct_logo_version-completa.png\" alt=\"HSDCT\" width=\"247\" height=\"400\" \/><\/p>\n<p align=\"JUSTIFY\">La Hermandad Soberana de Damas y Caballeros del Temple es una organizaci\u00f3n neo-templaria que intenta responder a las necesidades espirituales de sus miembros dentro del Cristianismo Ecum\u00e9nico mediante el estudio de las nobles tradiciones de la antigua caballer\u00eda, mediante el fomento de los talentos individuales y de grupo, fomentar el estudio sobre el Cristianismo esot\u00e9rico y la tradici\u00f3n herm\u00e9tica, fomentar el estudio y la realizaci\u00f3n de los valores del Evangelio as\u00ed mismo defender Tierra Santa.<\/p>\n<p align=\"JUSTIFY\">Estos son, entre otros, los fines de la Hermandad que est\u00e1n recogidos en sus Estatutos.<\/p>\n<p align=\"JUSTIFY\">Por otro lado la Hermandad no es una organizaci\u00f3n de tipo presidencialista sino que existe una divisi\u00f3n de poderes entre el Maestro de Ceremonias y el Prior.<\/p>\n<p align=\"JUSTIFY\">La Hermandad realiza una intensa vida templaria participando en organizaciones templarias que agrupan a varias organizaciones templarias como, entre otras, la AIT (Asamblea Internacional Templaria).<\/p>\n<p align=\"JUSTIFY\">Finalmente ha firmado acuerdos de colaboraci\u00f3n con otras organizaciones templarias como,entre otras, la OCCAIT.<\/p>\n<p style=\"text-align: left;\" align=\"CENTER\">La HSDCT ha sido reconocida por la Ordre Souverain et Militaire du Temple de Jerusalem (OSMTJ)<\/p>\n<p style=\"text-align: left;\" align=\"CENTER\">Aaceptada en su orden y nombrada como su prepresentante en Espa\u00f1a, siendo pues el PRIORATO ESPA\u00d1A DE LA OSMTJ desde el 01 de Mayo de 2014<\/p>\n<p style=\"text-align: left;\" align=\"CENTER\"><a href=\"http:\/\/www.osmtj.net\/\">http:\/\/www.osmtj.net<\/a><\/p>\n","protected":false},"excerpt":{"rendered":"<p>La Hermandad Soberana de Damas y Caballeros del Temple es una organizaci\u00f3n neo-templaria que intenta responder a las necesidades espirituales de sus miembros dentro del Cristianismo Ecum\u00e9nico mediante el estudio de las nobles tradiciones de la antigua caballer\u00eda, mediante el fomento de los talentos individuales y de grupo, fomentar el estudio sobre el Cristianismo esot\u00e9rico y la tradici\u00f3n herm\u00e9tica, fomentar el estudio y la realizaci\u00f3n de los valores del Evangelio as\u00ed mismo defender Tierra Santa. Estos son, entre otros, los fines de la Hermandad que est\u00e1n recogidos en sus Estatutos. Por otro lado la Hermandad no es una organizaci\u00f3n de tipo presidencialista sino que existe una divisi\u00f3n de poderes entre el Maestro de Ceremonias y el Prior. La Hermandad realiza una intensa vida templaria participando en organizaciones templarias que agrupan a varias organizaciones templarias como, entre otras, la AIT (Asamblea Internacional Templaria). Finalmente ha firmado acuerdos de colaboraci\u00f3n con otras organizaciones templarias como,entre otras, la OCCAIT. La HSDCT ha sido reconocida por la Ordre Souverain et Militaire du Temple de Jerusalem (OSMTJ) Aaceptada en su orden y nombrada como su prepresentante en Espa\u00f1a, siendo pues el PRIORATO ESPA\u00d1A DE LA OSMTJ desde el 01 de Mayo de 2014 http:\/\/www.osmtj.net<\/p>\n","protected":false},"author":1,"featured_media":0,"parent":0,"menu_order":1,"comment_status":"open","ping_status":"open","template":"","meta":[],"_links":{"self":[{"href":"https:\/\/hermandadtemple.org\/index.php?rest_route=\/wp\/v2\/pages\/9"}],"collection":[{"href":"https:\/\/hermandadtemple.org\/index.php?rest_route=\/wp\/v2\/pages"}],"about":[{"href":"https:\/\/hermandadtemple.org\/index.php?rest_route=\/wp\/v2\/types\/page"}],"author":[{"embeddable":true,"href":"https:\/\/hermandadtemple.org\/index.php?rest_route=\/wp\/v2\/users\/1"}],"replies":[{"embeddable":true,"href":"https:\/\/hermandadtemple.org\/index.php?rest_route=%2Fwp%2Fv2%2Fcomments&post=9"}],"version-history":[{"count":2,"href":"https:\/\/hermandadtemple.org\/index.php?rest_route=\/wp\/v2\/pages\/9\/revisions"}],"predecessor-version":[{"id":11,"href":"https:\/\/hermandadtemple.org\/index.php?rest_route=\/wp\/v2\/pages\/9\/revisions\/11"}],"wp:attachment":[{"href":"https:\/\/hermandadtemple.org\/index.php?rest_route=%2Fwp%2Fv2%2Fmedia&parent=9"}],"curies":[{"name":"wp","href":"https:\/\/api.w.org\/{rel}","templated":true}]}}