{"id":351,"date":"2016-01-16T13:19:05","date_gmt":"2016-01-16T13:19:05","guid":{"rendered":"https:\/\/hermandadtemple.org\/?page_id=351"},"modified":"2016-02-08T19:20:24","modified_gmt":"2016-02-08T19:20:24","slug":"stop-genocidio-de-cristianos","status":"publish","type":"page","link":"https:\/\/hermandadtemple.org\/?page_id=351","title":{"rendered":"STOP GENOCIDIO DE CRISTIANOS"},"content":{"rendered":"<p>[vc_row][vc_column][vc_text_separator title=\u00bbCAMPA\u00d1A 2016 CONTRA EL GENOCIDIO DE CRISTIANOS\u00bb color=\u00bbgreen\u00bb style=\u00bbdouble\u00bb][\/vc_column][\/vc_row][vc_row][vc_column][vc_single_image image=\u00bb357&#8243; img_size=\u00bbfull\u00bb alignment=\u00bbcenter\u00bb][\/vc_column][\/vc_row][vc_row][vc_column][vc_column_text]Un musulman sirio, de Alepo, Ghalep, residente en Toledo , nos cede grauitamente su local para la presentaci\u00f2n de la Campa\u00f1a contra el Genocidio Cristiano, en dicho Acto se resalt\u00f2 por parte de todos lo que nos une a Cristianos y Musulmanes.<\/p>\n<p><strong>Ponentes :<\/strong><br \/>\nJuan Antonio Cabezos Mart\u00ednez Gran Prior Magistral HSDCT.OSMTJ.<br \/>\nObispo Santiago OTH.<br \/>\nS\u00f3crates Alcides Caballero Iriarte, OTH. Bolivia.<span class=\"text_exposed_show\"><br \/>\nMercedes Izquierdo Mu\u00f1oz. Historiadora HSDCT.OSMTJ.<br \/>\nGhaleb Zarah Khatib.musulman sirio de Alepo. Historiador.<\/span><\/p>\n<div class=\"text_exposed_show\">\n<p><strong>Frases Destacadas:<\/strong><\/p>\n<ul>\n<li>Mercedes Izquierdo: hablar de genocidio cristiano es impropio cuando lo que hay es un genocidio general<\/li>\n<\/ul>\n<ul>\n<li>Ghalep: Jesus es citado mas veces en el Coran que el propio profeta. Esta escrito en el Coran: Jesus es la palabra divina, y tambien son masacrados los musulmantes en Asia<\/li>\n<\/ul>\n<ul>\n<li>Arzobispo Santiago: la paz entre las religiones es la base de la paz y la paz se construye mediante puentes de dialogo; el Islam, que significa Paz, es una religi\u00f3n de grandes valores espirituales.<\/li>\n<\/ul>\n<ul>\n<li>Socrates: estoy contento de compartir con ustedes este acto de dialogo entre religiones<\/li>\n<\/ul>\n<ul>\n<li>Prior Juan Antonio Cabezos : las palabras de Ghalep que ha hablado desde el corazon han llegado a mi corazon y me invita a leer el Coran con respeto a todos los musulamanes que buscan el encuentro con Dios.<\/li>\n<\/ul>\n<\/div>\n<p>[\/vc_column_text][\/vc_column][\/vc_row]<\/p>\n","protected":false},"excerpt":{"rendered":"<p>[vc_row][vc_column][vc_text_separator title=\u00bbCAMPA\u00d1A 2016 CONTRA EL GENOCIDIO DE CRISTIANOS\u00bb color=\u00bbgreen\u00bb style=\u00bbdouble\u00bb][\/vc_column][\/vc_row][vc_row][vc_column][vc_single_image image=\u00bb357&#8243; img_size=\u00bbfull\u00bb alignment=\u00bbcenter\u00bb][\/vc_column][\/vc_row][vc_row][vc_column][vc_column_text]Un musulman sirio, de Alepo, Ghalep, residente en Toledo , nos cede grauitamente su local para la presentaci\u00f2n de la Campa\u00f1a contra el Genocidio Cristiano, en dicho Acto se resalt\u00f2 por parte de todos lo que nos une a Cristianos y Musulmanes. Ponentes : Juan Antonio Cabezos Mart\u00ednez Gran Prior Magistral HSDCT.OSMTJ. Obispo Santiago OTH. S\u00f3crates Alcides Caballero Iriarte, OTH. Bolivia. Mercedes Izquierdo Mu\u00f1oz. Historiadora HSDCT.OSMTJ. Ghaleb Zarah Khatib.musulman sirio de Alepo. Historiador. Frases Destacadas: Mercedes Izquierdo: hablar de genocidio cristiano es impropio cuando lo que hay es un genocidio general Ghalep: Jesus es citado mas veces en el Coran que el propio profeta. Esta escrito en el Coran: Jesus es la palabra divina, y tambien son masacrados los musulmantes en Asia Arzobispo Santiago: la paz entre las religiones es la base de la paz y la paz se construye mediante puentes de dialogo; el Islam, que significa Paz, es una religi\u00f3n de grandes valores espirituales. Socrates: estoy contento de compartir con ustedes este acto de dialogo entre religiones Prior Juan Antonio Cabezos : las palabras de Ghalep que ha hablado desde el corazon han llegado a mi corazon y me invita a leer el Coran con respeto a todos los musulamanes que buscan el encuentro con Dios. [\/vc_column_text][\/vc_column][\/vc_row]<\/p>\n","protected":false},"author":1,"featured_media":0,"parent":0,"menu_order":0,"comment_status":"closed","ping_status":"closed","template":"","meta":[],"_links":{"self":[{"href":"https:\/\/hermandadtemple.org\/index.php?rest_route=\/wp\/v2\/pages\/351"}],"collection":[{"href":"https:\/\/hermandadtemple.org\/index.php?rest_route=\/wp\/v2\/pages"}],"about":[{"href":"https:\/\/hermandadtemple.org\/index.php?rest_route=\/wp\/v2\/types\/page"}],"author":[{"embeddable":true,"href":"https:\/\/hermandadtemple.org\/index.php?rest_route=\/wp\/v2\/users\/1"}],"replies":[{"embeddable":true,"href":"https:\/\/hermandadtemple.org\/index.php?rest_route=%2Fwp%2Fv2%2Fcomments&post=351"}],"version-history":[{"count":6,"href":"https:\/\/hermandadtemple.org\/index.php?rest_route=\/wp\/v2\/pages\/351\/revisions"}],"predecessor-version":[{"id":400,"href":"https:\/\/hermandadtemple.org\/index.php?rest_route=\/wp\/v2\/pages\/351\/revisions\/400"}],"wp:attachment":[{"href":"https:\/\/hermandadtemple.org\/index.php?rest_route=%2Fwp%2Fv2%2Fmedia&parent=351"}],"curies":[{"name":"wp","href":"https:\/\/api.w.org\/{rel}","templated":true}]}}