{"id":279,"date":"2015-10-19T14:37:47","date_gmt":"2015-10-19T14:37:47","guid":{"rendered":"https:\/\/hermandadtemple.org\/?page_id=279"},"modified":"2015-10-20T09:38:49","modified_gmt":"2015-10-20T09:38:49","slug":"universidad-virtual-de-formacion-templaria","status":"publish","type":"page","link":"https:\/\/hermandadtemple.org\/?page_id=279","title":{"rendered":"Universidad Virtual de Formacion Templaria"},"content":{"rendered":"<h5 style=\"text-align: center;\"><img decoding=\"async\" loading=\"lazy\" class=\"aligncenter wp-image-298 size-full\" src=\"https:\/\/hermandadtemple.org\/wp-content\/uploads\/2015\/10\/itu_uvft_bkg.jpg\" alt=\"\" width=\"939\" height=\"422\" srcset=\"https:\/\/hermandadtemple.org\/wp-content\/uploads\/2015\/10\/itu_uvft_bkg.jpg 939w, https:\/\/hermandadtemple.org\/wp-content\/uploads\/2015\/10\/itu_uvft_bkg-300x135.jpg 300w\" sizes=\"(max-width: 939px) 100vw, 939px\" \/><\/h5>\n<p><span id=\"result_box\" class=\"\" lang=\"en\">A d\u00eda de hoy 19 de Octubre del 2015 a\u00f1o 897 de la Orden del Temple, nace la Universidad Virtual de Formaci\u00f3n Templaria, Hugues de Payns. El acceso a la misma por el momento ser\u00e1 de uso restringido a los miembros de la Hermandad Soberana de Damas y Caballeros del Temple.<\/span><\/p>\n<p style=\"text-align: center;\"><a class=\"mb-button mb-style-flat mb-size-small mb-corners-default mb-text-style-default \" style=\"background-color: #c00000;\" href=\"https:\/\/hermandadtemple.org\/?page_id=293\">\u00a0<i class=\"fa fa-exclamation-circle\"><\/i>\u00a0 Entrar<\/a><\/p>\n","protected":false},"excerpt":{"rendered":"<p>A d\u00eda de hoy 19 de Octubre del 2015 a\u00f1o 897 de la Orden del Temple, nace la Universidad Virtual de Formaci\u00f3n Templaria, Hugues de Payns. El acceso a la misma por el momento ser\u00e1 de uso restringido a los miembros de la Hermandad Soberana de Damas y Caballeros del Temple. \u00a0\u00a0 Entrar<\/p>\n","protected":false},"author":1,"featured_media":0,"parent":0,"menu_order":0,"comment_status":"closed","ping_status":"closed","template":"","meta":[],"_links":{"self":[{"href":"https:\/\/hermandadtemple.org\/index.php?rest_route=\/wp\/v2\/pages\/279"}],"collection":[{"href":"https:\/\/hermandadtemple.org\/index.php?rest_route=\/wp\/v2\/pages"}],"about":[{"href":"https:\/\/hermandadtemple.org\/index.php?rest_route=\/wp\/v2\/types\/page"}],"author":[{"embeddable":true,"href":"https:\/\/hermandadtemple.org\/index.php?rest_route=\/wp\/v2\/users\/1"}],"replies":[{"embeddable":true,"href":"https:\/\/hermandadtemple.org\/index.php?rest_route=%2Fwp%2Fv2%2Fcomments&post=279"}],"version-history":[{"count":5,"href":"https:\/\/hermandadtemple.org\/index.php?rest_route=\/wp\/v2\/pages\/279\/revisions"}],"predecessor-version":[{"id":299,"href":"https:\/\/hermandadtemple.org\/index.php?rest_route=\/wp\/v2\/pages\/279\/revisions\/299"}],"wp:attachment":[{"href":"https:\/\/hermandadtemple.org\/index.php?rest_route=%2Fwp%2Fv2%2Fmedia&parent=279"}],"curies":[{"name":"wp","href":"https:\/\/api.w.org\/{rel}","templated":true}]}}