{"id":12,"date":"2015-07-30T20:26:55","date_gmt":"2015-07-30T20:26:55","guid":{"rendered":"https:\/\/hermandadtemple.org\/?page_id=12"},"modified":"2015-10-12T10:36:16","modified_gmt":"2015-10-12T10:36:16","slug":"oficina-de-informacion","status":"publish","type":"page","link":"https:\/\/hermandadtemple.org\/?page_id=12","title":{"rendered":"Oficina de Informaci\u00f3n"},"content":{"rendered":"<p>Asociaci\u00f3n neotemplaria debidamente registrada en el Ministerio del Interior y de car\u00e1cter inici\u00e1tico, de \u00e1mbito nacional e Internacional.<\/p>\n<p>Priorato de Espa\u00f1a de la Ordre Souberain et Militaire du Temple de Jerusalem , e integrada en la Asamblea Internacional Templaria.<\/p>\n<p>Puede contactar con nosotros enviando un email a: <a href=\"mailto:hispaniatemple@live.com\" target=\"_blank\">hispaniatemple@live.com<\/a><br \/>\nTambien puedes contactar llamando al numero de telefono: (+34) 672 11 08 17<\/p>\n","protected":false},"excerpt":{"rendered":"<p>Asociaci\u00f3n neotemplaria debidamente registrada en el Ministerio del Interior y de car\u00e1cter inici\u00e1tico, de \u00e1mbito nacional e Internacional. Priorato de Espa\u00f1a de la Ordre Souberain et Militaire du Temple de Jerusalem , e integrada en la Asamblea Internacional Templaria. Puede contactar con nosotros enviando un email a: hispaniatemple@live.com Tambien puedes contactar llamando al numero de telefono: (+34) 672 11 08 17<\/p>\n","protected":false},"author":1,"featured_media":0,"parent":0,"menu_order":3,"comment_status":"open","ping_status":"open","template":"","meta":[],"_links":{"self":[{"href":"https:\/\/hermandadtemple.org\/index.php?rest_route=\/wp\/v2\/pages\/12"}],"collection":[{"href":"https:\/\/hermandadtemple.org\/index.php?rest_route=\/wp\/v2\/pages"}],"about":[{"href":"https:\/\/hermandadtemple.org\/index.php?rest_route=\/wp\/v2\/types\/page"}],"author":[{"embeddable":true,"href":"https:\/\/hermandadtemple.org\/index.php?rest_route=\/wp\/v2\/users\/1"}],"replies":[{"embeddable":true,"href":"https:\/\/hermandadtemple.org\/index.php?rest_route=%2Fwp%2Fv2%2Fcomments&post=12"}],"version-history":[{"count":4,"href":"https:\/\/hermandadtemple.org\/index.php?rest_route=\/wp\/v2\/pages\/12\/revisions"}],"predecessor-version":[{"id":274,"href":"https:\/\/hermandadtemple.org\/index.php?rest_route=\/wp\/v2\/pages\/12\/revisions\/274"}],"wp:attachment":[{"href":"https:\/\/hermandadtemple.org\/index.php?rest_route=%2Fwp%2Fv2%2Fmedia&parent=12"}],"curies":[{"name":"wp","href":"https:\/\/api.w.org\/{rel}","templated":true}]}}