{"id":1186,"date":"2018-09-20T21:20:27","date_gmt":"2018-09-20T21:20:27","guid":{"rendered":"https:\/\/hermandadtemple.org\/?page_id=1186"},"modified":"2018-09-20T21:40:17","modified_gmt":"2018-09-20T21:40:17","slug":"aviso-legal-hsdct","status":"publish","type":"page","link":"https:\/\/hermandadtemple.org\/?page_id=1186","title":{"rendered":"Aviso Legal HSDCT"},"content":{"rendered":"<p>[vc_row][vc_column][vc_column_text]<\/p>\n<h2 style=\"text-align: center;\">Aviso Legal<\/h2>\n<p><strong>1.<\/strong> En cumplimiento con lo establecido en Reglamento General de Protecci\u00f3n de Datos (RGPD), EU-2016\/679, relativo a la protecci\u00f3n de las personas f\u00edsicas en lo que respecta al tratamiento de datos personales y a la libre circulaci\u00f3n de estos datos y por el que se deroga la Directiva 95\/46\/C, y dando cumplimiento a lo dispuesto en la Ley Org\u00e1nica de Protecci\u00f3n de Datos (LOPD), 15\/1999, y en la Ley 34\/2002, de Servicios de la Sociedad de la Informaci\u00f3n y de Comercio Electr\u00f3nico (LSSICE), que se mantendr\u00e1n en vigor en todo lo que no contradiga al nuevo Reglamento hasta que no se aprueben normativas que las sustituyan, a continuaci\u00f3n se indican los datos de informaci\u00f3n general de este<strong> sitio Web<\/strong>: https:\/\/hermandadtemple.org.- y <strong>Facebook<\/strong>: Hermandad Soberana de Damas y Caballeros del Temple<\/p>\n<p>.-\u00a0Titular: <strong>HERMANDAD SOBERANA DE DAMAS Y CABALLEROS DEL TEMPLE<\/strong>.- Inscrita, Autorizada y Reconocida Legalmente, en el Registro Nacional de Asociaciones, del Reino de Espa\u00f1a, en el:<strong> Grupo 1\u00ba \/ de la Secci\u00f3n 1\u00aa\/<\/strong> con el Numero: <strong>599.828<\/strong>.- Con el nombre comercial registrado: \u00ab<strong>HSDCT-OSMTJ<\/strong>\u00bb y en adelante \u00ab<strong>HSDCT-OSMTJ<\/strong>\u00ab.-<\/p>\n<p>Domicilio Social: <strong>Calle Jaboner\u00edas, 6 3\u00ba dcha. &#8211; 30001 Murcia (Murcia) \u2013 (Espa\u00f1a)<\/strong>.-<\/p>\n<p>Direcci\u00f3n Postal: <strong>Calle Jaboner\u00edas, 6 3\u00ba dcha. &#8211; 30001 Murcia (Murcia) \u2013 (Espa\u00f1a)<\/strong>.-<\/p>\n<p>Registrada con el N.I.F.<strong>: G.73.736.092<\/strong>.- del Ministerio de Hacienda de Espa\u00f1a.<\/p>\n<p><strong>2.<\/strong> Todos los derechos de propiedad intelectual del contenido del sitio <strong>Web<\/strong>: https:\/\/hermandadtemple.org.- y <strong>Facebook<\/strong>: Hermandad Soberana de Damas y Caballeros del Temple.- su dise\u00f1o gr\u00e1fico y sus c\u00f3digos fuente, son de titularidad exclusiva de \u00ab<strong>HSDCT-OSMTJ<\/strong>\u00ab, correspondi\u00e9ndole el ejercicio exclusivo de los derechos de explotaci\u00f3n de los mismos.<\/p>\n<p>La informaci\u00f3n contenida en este sitio web no podr\u00e1 ser reproducida total o\u00a0parcialmente, ni transmitirse por procedimientos electr\u00f3nicos, mec\u00e1nicos, magn\u00e9ticos o por sistemas de almacenamiento y recuperaci\u00f3n inform\u00e1ticos u otros m\u00e9todos, ni su pr\u00e9stamo, alquiler o cualquier otra forma de cesi\u00f3n de uso de la informaci\u00f3n, sin el permiso previo y expreso de la \u00ab<strong>HSDCT-OSMTJ<\/strong>\u00ab.<\/p>\n<p>Por tanto, queda prohibida su reproducci\u00f3n, distribuci\u00f3n, comunicaci\u00f3n p\u00fablica y transformaci\u00f3n, total o parcial, sin la autorizaci\u00f3n expresa de la \u00ab<strong>HSDCT-OSMTJ<\/strong>\u00ab.<\/p>\n<p><strong>3.<\/strong>\u00a0La \u00ab<strong>HSDCT-OSMTJ<\/strong>\u00bb no se responsabiliza del mal uso que se realice de los contenidos del mencionado sitio web, siendo exclusiva responsabilidad de la persona que accede a ellos o los utiliza.<\/p>\n<p>Tampoco asume ninguna responsabilidad por la informaci\u00f3n contenida en las p\u00e1ginas web de terceros a las que se pueda acceder por enlaces o buscadores desde la p\u00e1gina <strong>Web<\/strong>: https:\/\/hermandadtemple.org.- y <strong>Facebook<\/strong>: Hermandad Soberana de Damas y Caballeros del Temple.-<\/p>\n<p><strong>4.<\/strong> La \u00ab<strong>HSDCT-OSMTJ<\/strong>\u00bb no asume ninguna responsabilidad que se pueda derivar de problemas t\u00e9cnicos o fallos en los equipos inform\u00e1ticos, que se produzcan durante la conexi\u00f3n a la red de Internet , as\u00ed como de da\u00f1os que pudieran ser causados por terceras personas mediante intromisiones ileg\u00edtimas fuera de control.<\/p>\n<p><strong>5.<\/strong> La \u00ab<strong>HSDCT-OSMTJ<\/strong>\u00bb no se hace responsable, en ning\u00fan caso, de los da\u00f1os y perjuicios de cualquier naturaleza que pudieran ocasionar, a t\u00edtulo enunciativo: errores u omisiones en los contenidos, falta de disponibilidad del portal, la transmisi\u00f3n de virus, programas maliciosos o lesivos en los contenidos, a pesar de haber adoptado todas las medidas tecnol\u00f3gicas necesarias para evitarlo.<\/p>\n<p>Igualmente, queda exonerada de toda responsabilidad ante posibles da\u00f1os o perjuicios que pueda sufrir el usuario a consecuencia de errores, defectos u omisiones en la informaci\u00f3n cuando proceda de fuentes ajenas.<\/p>\n<p><strong>6.<\/strong> Queda reservado a la \u00ab<strong>HSDCT-OSMTJ<\/strong>\u00bb el derecho a actualizar, modificar o eliminar la informaci\u00f3n contenida en su sitio <strong>Web<\/strong>: https:\/\/hermandadtemple.org.-y <strong>Facebook<\/strong>: Hermandad Soberana de Damas y Caballeros del Temple.- y la configuraci\u00f3n o presentaci\u00f3n del mismo, en cualquier momento, sin previo aviso, y sin asumir responsabilidad alguna por ello.<\/p>\n<p><strong>7.<\/strong> Queda reservado a la \u00ab<strong>HSDCT-OSMTJ<\/strong>\u00bb el derecho a denegar o retirar el acceso a su sitio web y\/o los servicios ofrecidos sin necesidad de preaviso, a instancia propia o de un tercero, a aquellos usuarios o anunciantes que incumplan las condiciones del presente Aviso Legal.<\/p>\n<p><strong>8.<\/strong> La \u00ab<strong>HSDCT-OSMTJ<\/strong>\u00bb podr\u00e1 modificar en cualquier momento las condiciones determinadas en este Aviso Legal, siendo debidamente publicadas como aqu\u00ed aparecen. La vigencia de las citadas condiciones ir\u00e1 en funci\u00f3n de su exposici\u00f3n y estar\u00e1n vigentes hasta que sean modificadas por otras debidamente publicadas.<\/p>\n<p><strong>9.<\/strong> Si el presente Aviso Legal se hallare traducido a cualquier otro idioma en el sitio <strong>Web<\/strong>: https:\/\/hermandadtemple.org.- y <strong>Facebook<\/strong>: Hermandad Soberana de Damas y Caballeros del Temple.- , ante cualquier discrepancia, duda sobre su interpretaci\u00f3n o ante cualquier otra circunstancia, prevalecer\u00e1 siempre lo dispuesto en (lengua castellana) Espa\u00f1ol.<\/p>\n<p><strong>10.<\/strong> El presente Aviso Legal se rige en todos y cada uno de sus extremos por la legislaci\u00f3n espa\u00f1ola vigente y con sometimiento expreso a la jurisdicci\u00f3n de los Tribunales de la Regi\u00f3n de Murcia (Reino de Espa\u00f1a).<\/p>\n<p>En sede Prioral, siendo el d\u00eda 18 de Septiembre del a\u00f1o de gracia del 2018.-[\/vc_column_text][\/vc_column][\/vc_row]<\/p>\n","protected":false},"excerpt":{"rendered":"<p>[vc_row][vc_column][vc_column_text] Aviso Legal 1. En cumplimiento con lo establecido en Reglamento General de Protecci\u00f3n de Datos (RGPD), EU-2016\/679, relativo a la protecci\u00f3n de las personas f\u00edsicas en lo que respecta al tratamiento de datos personales y a la libre circulaci\u00f3n de estos datos y por el que se deroga la Directiva 95\/46\/C, y dando cumplimiento a lo dispuesto en la Ley Org\u00e1nica de Protecci\u00f3n de Datos (LOPD), 15\/1999, y en la Ley 34\/2002, de Servicios de la Sociedad de la Informaci\u00f3n y de Comercio Electr\u00f3nico (LSSICE), que se mantendr\u00e1n en vigor en todo lo que no contradiga al nuevo Reglamento hasta que no se aprueben normativas que las sustituyan, a continuaci\u00f3n se indican los datos de informaci\u00f3n general de este sitio Web: https:\/\/hermandadtemple.org.- y Facebook: Hermandad Soberana de Damas y Caballeros del Temple .-\u00a0Titular: HERMANDAD SOBERANA DE DAMAS Y CABALLEROS DEL TEMPLE.- Inscrita, Autorizada y Reconocida Legalmente, en el Registro Nacional de Asociaciones, del Reino de Espa\u00f1a, en el: Grupo 1\u00ba \/ de la Secci\u00f3n 1\u00aa\/ con el Numero: 599.828.- Con el nombre comercial registrado: \u00abHSDCT-OSMTJ\u00bb y en adelante \u00abHSDCT-OSMTJ\u00ab.- Domicilio Social: Calle Jaboner\u00edas, 6 3\u00ba dcha. &#8211; 30001 Murcia (Murcia) \u2013 (Espa\u00f1a).- Direcci\u00f3n Postal: Calle Jaboner\u00edas, 6 3\u00ba dcha. &#8211; 30001 Murcia (Murcia) \u2013 (Espa\u00f1a).- Registrada con el N.I.F.: G.73.736.092.- del Ministerio de Hacienda de Espa\u00f1a. 2. Todos los derechos de propiedad intelectual del contenido del sitio Web: https:\/\/hermandadtemple.org.- y Facebook: Hermandad Soberana de Damas y Caballeros del Temple.- su dise\u00f1o gr\u00e1fico y sus c\u00f3digos fuente, son de titularidad exclusiva de \u00abHSDCT-OSMTJ\u00ab, correspondi\u00e9ndole el ejercicio exclusivo de los derechos de explotaci\u00f3n de los mismos. La informaci\u00f3n contenida en este sitio web no podr\u00e1 ser reproducida total o\u00a0parcialmente, ni transmitirse por procedimientos electr\u00f3nicos, mec\u00e1nicos, magn\u00e9ticos o por sistemas de almacenamiento y recuperaci\u00f3n inform\u00e1ticos u otros m\u00e9todos, ni su pr\u00e9stamo, alquiler o cualquier otra forma de cesi\u00f3n de uso de la informaci\u00f3n, sin el permiso previo y expreso de la \u00abHSDCT-OSMTJ\u00ab. Por tanto, queda prohibida su reproducci\u00f3n, distribuci\u00f3n, comunicaci\u00f3n p\u00fablica y transformaci\u00f3n, total o parcial, sin la autorizaci\u00f3n expresa de la \u00abHSDCT-OSMTJ\u00ab. 3.\u00a0La \u00abHSDCT-OSMTJ\u00bb no se responsabiliza del mal uso que se realice de los contenidos del mencionado sitio web, siendo exclusiva responsabilidad de la persona que accede a ellos o los utiliza. Tampoco asume ninguna responsabilidad por la informaci\u00f3n contenida en las p\u00e1ginas web de terceros a las que se pueda acceder por enlaces o buscadores desde la p\u00e1gina Web: https:\/\/hermandadtemple.org.- y Facebook: Hermandad Soberana de Damas y Caballeros del Temple.- 4. La \u00abHSDCT-OSMTJ\u00bb no asume ninguna responsabilidad que se pueda derivar de problemas t\u00e9cnicos o fallos en los equipos inform\u00e1ticos, que se produzcan durante la conexi\u00f3n a la red de Internet , as\u00ed como de da\u00f1os que pudieran ser causados por terceras personas mediante intromisiones ileg\u00edtimas fuera de control. 5. La \u00abHSDCT-OSMTJ\u00bb no se hace responsable, en ning\u00fan caso, de los da\u00f1os y perjuicios de cualquier naturaleza que pudieran ocasionar, a t\u00edtulo enunciativo: errores u omisiones en los contenidos, falta de disponibilidad del portal, la transmisi\u00f3n de virus, programas maliciosos o lesivos en los contenidos, a pesar de haber adoptado todas las medidas tecnol\u00f3gicas necesarias para evitarlo. Igualmente, queda exonerada de toda responsabilidad ante posibles da\u00f1os o perjuicios que pueda sufrir el usuario a consecuencia de errores, defectos u omisiones en la informaci\u00f3n cuando proceda de fuentes ajenas. 6. Queda reservado a la \u00abHSDCT-OSMTJ\u00bb el derecho a actualizar, modificar o eliminar la informaci\u00f3n contenida en su sitio Web: https:\/\/hermandadtemple.org.-y Facebook: Hermandad Soberana de Damas y Caballeros del Temple.- y la configuraci\u00f3n o presentaci\u00f3n del mismo, en cualquier momento, sin previo aviso, y sin asumir responsabilidad alguna por ello. 7. Queda reservado a la \u00abHSDCT-OSMTJ\u00bb el derecho a denegar o retirar el acceso a su sitio web y\/o los servicios ofrecidos sin necesidad de preaviso, a instancia propia o de un tercero, a aquellos usuarios o anunciantes que incumplan las condiciones del presente Aviso Legal. 8. La \u00abHSDCT-OSMTJ\u00bb podr\u00e1 modificar en cualquier momento las condiciones determinadas en este Aviso Legal, siendo debidamente publicadas como aqu\u00ed aparecen. La vigencia de las citadas condiciones ir\u00e1 en funci\u00f3n de su exposici\u00f3n y estar\u00e1n vigentes hasta que sean modificadas por otras debidamente publicadas. 9. Si el presente Aviso Legal se hallare traducido a cualquier otro idioma en el sitio Web: https:\/\/hermandadtemple.org.- y Facebook: Hermandad Soberana de Damas y Caballeros del Temple.- , ante cualquier discrepancia, duda sobre su interpretaci\u00f3n o ante cualquier otra circunstancia, prevalecer\u00e1 siempre lo dispuesto en (lengua castellana) Espa\u00f1ol. 10. El presente Aviso Legal se rige en todos y cada uno de sus extremos por la legislaci\u00f3n espa\u00f1ola vigente y con sometimiento expreso a la jurisdicci\u00f3n de los Tribunales de la Regi\u00f3n de Murcia (Reino de Espa\u00f1a). En sede Prioral, siendo el d\u00eda 18 de Septiembre del a\u00f1o de gracia del 2018.-[\/vc_column_text][\/vc_column][\/vc_row]<\/p>\n","protected":false},"author":1,"featured_media":0,"parent":0,"menu_order":0,"comment_status":"closed","ping_status":"closed","template":"","meta":[],"_links":{"self":[{"href":"https:\/\/hermandadtemple.org\/index.php?rest_route=\/wp\/v2\/pages\/1186"}],"collection":[{"href":"https:\/\/hermandadtemple.org\/index.php?rest_route=\/wp\/v2\/pages"}],"about":[{"href":"https:\/\/hermandadtemple.org\/index.php?rest_route=\/wp\/v2\/types\/page"}],"author":[{"embeddable":true,"href":"https:\/\/hermandadtemple.org\/index.php?rest_route=\/wp\/v2\/users\/1"}],"replies":[{"embeddable":true,"href":"https:\/\/hermandadtemple.org\/index.php?rest_route=%2Fwp%2Fv2%2Fcomments&post=1186"}],"version-history":[{"count":4,"href":"https:\/\/hermandadtemple.org\/index.php?rest_route=\/wp\/v2\/pages\/1186\/revisions"}],"predecessor-version":[{"id":1190,"href":"https:\/\/hermandadtemple.org\/index.php?rest_route=\/wp\/v2\/pages\/1186\/revisions\/1190"}],"wp:attachment":[{"href":"https:\/\/hermandadtemple.org\/index.php?rest_route=%2Fwp%2Fv2%2Fmedia&parent=1186"}],"curies":[{"name":"wp","href":"https:\/\/api.w.org\/{rel}","templated":true}]}}